{"id":32940,"date":"2024-12-23T14:17:53","date_gmt":"2024-12-23T14:17:53","guid":{"rendered":"https:\/\/renera.energy\/?page_id=32940"},"modified":"2025-02-14T09:54:12","modified_gmt":"2025-02-14T09:54:12","slug":"projektubersicht_de-de","status":"publish","type":"page","link":"https:\/\/renera.explotacionweb.es\/de-de\/projektubersicht_de-de\/","title":{"rendered":"Projekt\u00fcbersicht_de-de"},"content":{"rendered":"\t\t<div data-elementor-type=\"wp-page\" data-elementor-id=\"32940\" class=\"elementor elementor-32940\" data-elementor-post-type=\"page\">\n\t\t\t\t<div class=\"elementor-element elementor-element-4d4638f7 global-container text-icons-image text-icons-list-image e-flex e-con-boxed e-con e-parent\" data-id=\"4d4638f7\" data-element_type=\"container\" data-e-type=\"container\" data-settings=\"{&quot;background_background&quot;:&quot;classic&quot;}\">\n\t\t\t\t\t<div class=\"e-con-inner\">\n\t\t<div class=\"elementor-element elementor-element-5f3ad620 e-con-full text-left e-flex e-con e-child\" data-id=\"5f3ad620\" data-element_type=\"container\" data-e-type=\"container\">\n\t\t<div class=\"elementor-element elementor-element-14c0ffe6 e-con-full text-container e-flex e-con e-child\" data-id=\"14c0ffe6\" data-element_type=\"container\" data-e-type=\"container\">\n\t\t\t\t<div class=\"elementor-element elementor-element-fb66016 elementor-widget__width-initial elementor-widget elementor-widget-heading\" data-id=\"fb66016\" data-element_type=\"widget\" data-e-type=\"widget\" data-widget_type=\"heading.default\">\n\t\t\t\t<div class=\"elementor-widget-container\">\n\t\t\t\t\t<h1 class=\"elementor-heading-title elementor-size-default\">Energiewende konkret.<\/h1>\t\t\t\t<\/div>\n\t\t\t\t<\/div>\n\t\t\t\t<div class=\"elementor-element elementor-element-a13c63e dash-list li-left20 elementor-widget elementor-widget-text-editor\" data-id=\"a13c63e\" data-element_type=\"widget\" data-e-type=\"widget\" data-widget_type=\"text-editor.default\">\n\t\t\t\t<div class=\"elementor-widget-container\">\n\t\t\t\t\t\t\t\t\t<p>Unsere Batteriegro\u00dfspeicher- und Freifl\u00e4chen-Photovoltaik-Projekte sind entscheidende Bausteine f\u00fcr die Energiewende. Mit starken Partnerschaften vor Ort und innovativen L\u00f6sungen sorgen wir daf\u00fcr, dass erneuerbare Energien effizient genutzt und zuverl\u00e4ssig ins Stromnetz integriert werden k\u00f6nnen. Auf der Karte finden Sie eine \u00dcbersicht \u00fcber unsere bisherigen Projekte. Jeder Punkt zeigt einen Standort, an dem wir Batteriegro\u00dfspeicher oder Freifl\u00e4chen-PV entwickeln.<\/p><p>Gemeinsam mit Ihnen gestalten wir eine nachhaltige Energiezukunft. Schauen Sie sich an, was wir bereits erreicht haben und lassen Sie sich inspirieren!<\/p>\t\t\t\t\t\t\t\t<\/div>\n\t\t\t\t<\/div>\n\t\t\t\t<\/div>\n\t\t<div class=\"elementor-element elementor-element-28b22788 e-con-full image-container e-flex e-con e-child\" data-id=\"28b22788\" data-element_type=\"container\" data-e-type=\"container\">\n\t\t\t\t<div class=\"elementor-element elementor-element-ee5e896 elementor-widget elementor-widget-html\" data-id=\"ee5e896\" data-element_type=\"widget\" data-e-type=\"widget\" data-widget_type=\"html.default\">\n\t\t\t\t<div class=\"elementor-widget-container\">\n\t\t\t\t\t<iframe src=\"https:\/\/www.google.com\/maps\/d\/embed?mid=1vZDSKkku_aq8goTUeTFsSXU_7AsJbG8&ehbc=2E312F\" width=\"640\" height=\"600\"><\/iframe>\n\t\t\t\t<\/div>\n\t\t\t\t<\/div>\n\t\t\t\t<div class=\"elementor-element elementor-element-1999035 elementor-widget__width-initial clear-margin elementor-widget elementor-widget-text-editor\" data-id=\"1999035\" data-element_type=\"widget\" data-e-type=\"widget\" data-widget_type=\"text-editor.default\">\n\t\t\t\t<div class=\"elementor-widget-container\">\n\t\t\t\t\t\t\t\t\t<p>Klicken Sie auf die blauen icons, um die Details der Projekte zu sehen.\u00a0<\/p>\t\t\t\t\t\t\t\t<\/div>\n\t\t\t\t<\/div>\n\t\t\t\t<\/div>\n\t\t\t\t<\/div>\n\t\t\t\t\t<\/div>\n\t\t\t\t<\/div>\n\t\t<div class=\"elementor-element elementor-element-0251432 e-flex e-con-boxed e-con e-parent\" data-id=\"0251432\" data-element_type=\"container\" data-e-type=\"container\">\n\t\t\t\t\t<div class=\"e-con-inner\">\n\t\t\t\t<div class=\"elementor-element elementor-element-697f58c elementor-align-left border-bot-blue elementor-widget elementor-widget-button\" data-id=\"697f58c\" data-element_type=\"widget\" data-e-type=\"widget\" data-widget_type=\"button.default\">\n\t\t\t\t<div class=\"elementor-widget-container\">\n\t\t\t\t\t\t\t\t\t<div class=\"elementor-button-wrapper\">\n\t\t\t\t\t<a class=\"elementor-button elementor-button-link elementor-size-sm\" href=\"https:\/\/renera.explotacionweb.es\/de-de\/solarflaechen-verpachten\/\">\n\t\t\t\t\t\t<span class=\"elementor-button-content-wrapper\">\n\t\t\t\t\t\t\t\t\t<span class=\"elementor-button-text\">Mehr zu Batteriegro\u00dfspeicher- und Freifl\u00e4chen-Photovoltaik <\/span>\n\t\t\t\t\t<\/span>\n\t\t\t\t\t<\/a>\n\t\t\t\t<\/div>\n\t\t\t\t\t\t\t\t<\/div>\n\t\t\t\t<\/div>\n\t\t\t\t\t<\/div>\n\t\t\t\t<\/div>\n\t\t<div class=\"elementor-element elementor-element-5f538e1 e-flex e-con-boxed e-con e-parent\" data-id=\"5f538e1\" data-element_type=\"container\" data-e-type=\"container\">\n\t\t\t\t\t<div class=\"e-con-inner\">\n\t\t\t\t<div class=\"elementor-element elementor-element-58cfb90 elementor-widget elementor-widget-spacer\" data-id=\"58cfb90\" data-element_type=\"widget\" data-e-type=\"widget\" data-widget_type=\"spacer.default\">\n\t\t\t\t<div class=\"elementor-widget-container\">\n\t\t\t\t\t\t\t<div class=\"elementor-spacer\">\n\t\t\t<div class=\"elementor-spacer-inner\"><\/div>\n\t\t<\/div>\n\t\t\t\t\t\t<\/div>\n\t\t\t\t<\/div>\n\t\t\t\t\t<\/div>\n\t\t\t\t<\/div>\n\t\t\t\t<\/div>\n\t\t","protected":false},"excerpt":{"rendered":"<p>Unsere Batteriegro\u00dfspeicher- und Freifl\u00e4chen-Photovoltaik-Projekte sind entscheidende Bausteine f\u00fcr die Energiewende. Mit starken Partnerschaften vor Ort und innovativen L\u00f6sungen sorgen wir daf\u00fcr, dass erneuerbare Energien effizient genutzt und zuverl\u00e4ssig ins Stromnetz integriert werden k\u00f6nnen. Auf der Karte finden Sie eine \u00dcbersicht \u00fcber unsere bisherigen Projekte. Jeder Punkt zeigt einen Standort, an dem wir Batteriegro\u00dfspeicher oder Freifl\u00e4chen-PV [&hellip;]<\/p>\n","protected":false},"author":20,"featured_media":32976,"parent":0,"menu_order":0,"comment_status":"closed","ping_status":"closed","template":"","meta":{"_acf_changed":false,"inline_featured_image":false,"footnotes":""},"folder":[27],"class_list":["post-32940","page","type-page","status-publish","has-post-thumbnail","hentry"],"acf":[],"yoast_head":"<!-- This site is optimized with the Yoast SEO plugin v27.0 - https:\/\/yoast.com\/product\/yoast-seo-wordpress\/ -->\n<title>Projekt\u00fcbersicht Batteriegro\u00dfspeicher- und Freifl\u00e4chen-Photovoltaik<\/title>\n<meta name=\"description\" content=\"Unsere Batteriegro\u00dfspeicher- und Freifl\u00e4chen-Photovoltaik-Projekte sind entscheidende Bausteine f\u00fcr die Energiewende.\" \/>\n<meta name=\"robots\" content=\"noindex, follow, max-snippet:-1, max-image-preview:large, max-video-preview:-1\" \/>\n<meta property=\"og:locale\" content=\"de_DE\" \/>\n<meta property=\"og:type\" content=\"article\" \/>\n<meta property=\"og:title\" content=\"Projekt\u00fcbersicht Batteriegro\u00dfspeicher- und Freifl\u00e4chen-Photovoltaik\" \/>\n<meta property=\"og:description\" content=\"Unsere Batteriegro\u00dfspeicher- und Freifl\u00e4chen-Photovoltaik-Projekte sind entscheidende Bausteine f\u00fcr die Energiewende.\" \/>\n<meta property=\"og:url\" content=\"https:\/\/renera.explotacionweb.es\/de-de\/projektubersicht_de-de\/\" \/>\n<meta property=\"og:site_name\" content=\"Renera\" \/>\n<meta property=\"article:modified_time\" content=\"2025-02-14T09:54:12+00:00\" \/>\n<meta property=\"og:image\" content=\"https:\/\/renera.explotacionweb.es\/wp-content\/uploads\/2024\/12\/battery_energy_storage_in_farmland_landscape.jpg\" \/>\n\t<meta property=\"og:image:width\" content=\"1024\" \/>\n\t<meta property=\"og:image:height\" content=\"1024\" \/>\n\t<meta property=\"og:image:type\" content=\"image\/jpeg\" \/>\n<meta name=\"twitter:card\" content=\"summary_large_image\" \/>\n<meta name=\"twitter:label1\" content=\"Est. reading time\" \/>\n\t<meta name=\"twitter:data1\" content=\"1 minute\" \/>\n<script type=\"application\/ld+json\" class=\"yoast-schema-graph\">{\"@context\":\"https:\/\/schema.org\",\"@graph\":[{\"@type\":\"WebPage\",\"@id\":\"https:\/\/renera.explotacionweb.es\/de-de\/projektubersicht_de-de\/\",\"url\":\"https:\/\/renera.explotacionweb.es\/de-de\/projektubersicht_de-de\/\",\"name\":\"Projekt\u00fcbersicht Batteriegro\u00dfspeicher- und Freifl\u00e4chen-Photovoltaik\",\"isPartOf\":{\"@id\":\"https:\/\/renera.explotacionweb.es\/de-de\/#website\"},\"primaryImageOfPage\":{\"@id\":\"https:\/\/renera.explotacionweb.es\/de-de\/projektubersicht_de-de\/#primaryimage\"},\"image\":{\"@id\":\"https:\/\/renera.explotacionweb.es\/de-de\/projektubersicht_de-de\/#primaryimage\"},\"thumbnailUrl\":\"https:\/\/renera.explotacionweb.es\/wp-content\/uploads\/2024\/12\/battery_energy_storage_in_farmland_landscape.jpg\",\"datePublished\":\"2024-12-23T14:17:53+00:00\",\"dateModified\":\"2025-02-14T09:54:12+00:00\",\"description\":\"Unsere Batteriegro\u00dfspeicher- und Freifl\u00e4chen-Photovoltaik-Projekte sind entscheidende Bausteine f\u00fcr die Energiewende.\",\"breadcrumb\":{\"@id\":\"https:\/\/renera.explotacionweb.es\/de-de\/projektubersicht_de-de\/#breadcrumb\"},\"inLanguage\":\"de-de\",\"potentialAction\":[{\"@type\":\"ReadAction\",\"target\":[\"https:\/\/renera.explotacionweb.es\/de-de\/projektubersicht_de-de\/\"]}]},{\"@type\":\"ImageObject\",\"inLanguage\":\"de-de\",\"@id\":\"https:\/\/renera.explotacionweb.es\/de-de\/projektubersicht_de-de\/#primaryimage\",\"url\":\"https:\/\/renera.explotacionweb.es\/wp-content\/uploads\/2024\/12\/battery_energy_storage_in_farmland_landscape.jpg\",\"contentUrl\":\"https:\/\/renera.explotacionweb.es\/wp-content\/uploads\/2024\/12\/battery_energy_storage_in_farmland_landscape.jpg\",\"width\":1024,\"height\":1024},{\"@type\":\"BreadcrumbList\",\"@id\":\"https:\/\/renera.explotacionweb.es\/de-de\/projektubersicht_de-de\/#breadcrumb\",\"itemListElement\":[{\"@type\":\"ListItem\",\"position\":1,\"name\":\"Home\",\"item\":\"https:\/\/renera.explotacionweb.es\/de-de\/\"},{\"@type\":\"ListItem\",\"position\":2,\"name\":\"Projekt\u00fcbersicht_de-de\"}]},{\"@type\":\"WebSite\",\"@id\":\"https:\/\/renera.explotacionweb.es\/de-de\/#website\",\"url\":\"https:\/\/renera.explotacionweb.es\/de-de\/\",\"name\":\"Renera Energy\",\"description\":\"\",\"publisher\":{\"@id\":\"https:\/\/renera.explotacionweb.es\/de-de\/#organization\"},\"potentialAction\":[{\"@type\":\"SearchAction\",\"target\":{\"@type\":\"EntryPoint\",\"urlTemplate\":\"https:\/\/renera.explotacionweb.es\/de-de\/?s={search_term_string}\"},\"query-input\":{\"@type\":\"PropertyValueSpecification\",\"valueRequired\":true,\"valueName\":\"search_term_string\"}}],\"inLanguage\":\"de-de\"},{\"@type\":\"Organization\",\"@id\":\"https:\/\/renera.explotacionweb.es\/de-de\/#organization\",\"name\":\"Renera Energy\",\"url\":\"https:\/\/renera.explotacionweb.es\/de-de\/\",\"logo\":{\"@type\":\"ImageObject\",\"inLanguage\":\"de-de\",\"@id\":\"https:\/\/renera.explotacionweb.es\/de-de\/#\/schema\/logo\/image\/\",\"url\":\"https:\/\/renera.explotacionweb.es\/wp-content\/uploads\/2026\/01\/Renera.svg\",\"contentUrl\":\"https:\/\/renera.explotacionweb.es\/wp-content\/uploads\/2026\/01\/Renera.svg\",\"width\":161,\"height\":28,\"caption\":\"Renera Energy\"},\"image\":{\"@id\":\"https:\/\/renera.explotacionweb.es\/de-de\/#\/schema\/logo\/image\/\"},\"sameAs\":[\"https:\/\/www.linkedin.com\/company\/renera-energy\/\"]}]}<\/script>\n<!-- \/ Yoast SEO plugin. -->","yoast_head_json":{"title":"Projekt\u00fcbersicht Batteriegro\u00dfspeicher- und Freifl\u00e4chen-Photovoltaik","description":"Unsere Batteriegro\u00dfspeicher- und Freifl\u00e4chen-Photovoltaik-Projekte sind entscheidende Bausteine f\u00fcr die Energiewende.","robots":{"index":"noindex","follow":"follow","max-snippet":"max-snippet:-1","max-image-preview":"max-image-preview:large","max-video-preview":"max-video-preview:-1"},"og_locale":"de_DE","og_type":"article","og_title":"Projekt\u00fcbersicht Batteriegro\u00dfspeicher- und Freifl\u00e4chen-Photovoltaik","og_description":"Unsere Batteriegro\u00dfspeicher- und Freifl\u00e4chen-Photovoltaik-Projekte sind entscheidende Bausteine f\u00fcr die Energiewende.","og_url":"https:\/\/renera.explotacionweb.es\/de-de\/projektubersicht_de-de\/","og_site_name":"Renera","article_modified_time":"2025-02-14T09:54:12+00:00","og_image":[{"width":1024,"height":1024,"url":"https:\/\/renera.explotacionweb.es\/wp-content\/uploads\/2024\/12\/battery_energy_storage_in_farmland_landscape.jpg","type":"image\/jpeg"}],"twitter_card":"summary_large_image","twitter_misc":{"Est. reading time":"1 minute"},"schema":{"@context":"https:\/\/schema.org","@graph":[{"@type":"WebPage","@id":"https:\/\/renera.explotacionweb.es\/de-de\/projektubersicht_de-de\/","url":"https:\/\/renera.explotacionweb.es\/de-de\/projektubersicht_de-de\/","name":"Projekt\u00fcbersicht Batteriegro\u00dfspeicher- und Freifl\u00e4chen-Photovoltaik","isPartOf":{"@id":"https:\/\/renera.explotacionweb.es\/de-de\/#website"},"primaryImageOfPage":{"@id":"https:\/\/renera.explotacionweb.es\/de-de\/projektubersicht_de-de\/#primaryimage"},"image":{"@id":"https:\/\/renera.explotacionweb.es\/de-de\/projektubersicht_de-de\/#primaryimage"},"thumbnailUrl":"https:\/\/renera.explotacionweb.es\/wp-content\/uploads\/2024\/12\/battery_energy_storage_in_farmland_landscape.jpg","datePublished":"2024-12-23T14:17:53+00:00","dateModified":"2025-02-14T09:54:12+00:00","description":"Unsere Batteriegro\u00dfspeicher- und Freifl\u00e4chen-Photovoltaik-Projekte sind entscheidende Bausteine f\u00fcr die Energiewende.","breadcrumb":{"@id":"https:\/\/renera.explotacionweb.es\/de-de\/projektubersicht_de-de\/#breadcrumb"},"inLanguage":"de-de","potentialAction":[{"@type":"ReadAction","target":["https:\/\/renera.explotacionweb.es\/de-de\/projektubersicht_de-de\/"]}]},{"@type":"ImageObject","inLanguage":"de-de","@id":"https:\/\/renera.explotacionweb.es\/de-de\/projektubersicht_de-de\/#primaryimage","url":"https:\/\/renera.explotacionweb.es\/wp-content\/uploads\/2024\/12\/battery_energy_storage_in_farmland_landscape.jpg","contentUrl":"https:\/\/renera.explotacionweb.es\/wp-content\/uploads\/2024\/12\/battery_energy_storage_in_farmland_landscape.jpg","width":1024,"height":1024},{"@type":"BreadcrumbList","@id":"https:\/\/renera.explotacionweb.es\/de-de\/projektubersicht_de-de\/#breadcrumb","itemListElement":[{"@type":"ListItem","position":1,"name":"Home","item":"https:\/\/renera.explotacionweb.es\/de-de\/"},{"@type":"ListItem","position":2,"name":"Projekt\u00fcbersicht_de-de"}]},{"@type":"WebSite","@id":"https:\/\/renera.explotacionweb.es\/de-de\/#website","url":"https:\/\/renera.explotacionweb.es\/de-de\/","name":"Renera Energy","description":"","publisher":{"@id":"https:\/\/renera.explotacionweb.es\/de-de\/#organization"},"potentialAction":[{"@type":"SearchAction","target":{"@type":"EntryPoint","urlTemplate":"https:\/\/renera.explotacionweb.es\/de-de\/?s={search_term_string}"},"query-input":{"@type":"PropertyValueSpecification","valueRequired":true,"valueName":"search_term_string"}}],"inLanguage":"de-de"},{"@type":"Organization","@id":"https:\/\/renera.explotacionweb.es\/de-de\/#organization","name":"Renera Energy","url":"https:\/\/renera.explotacionweb.es\/de-de\/","logo":{"@type":"ImageObject","inLanguage":"de-de","@id":"https:\/\/renera.explotacionweb.es\/de-de\/#\/schema\/logo\/image\/","url":"https:\/\/renera.explotacionweb.es\/wp-content\/uploads\/2026\/01\/Renera.svg","contentUrl":"https:\/\/renera.explotacionweb.es\/wp-content\/uploads\/2026\/01\/Renera.svg","width":161,"height":28,"caption":"Renera Energy"},"image":{"@id":"https:\/\/renera.explotacionweb.es\/de-de\/#\/schema\/logo\/image\/"},"sameAs":["https:\/\/www.linkedin.com\/company\/renera-energy\/"]}]}},"_links":{"self":[{"href":"https:\/\/renera.explotacionweb.es\/de-de\/wp-json\/wp\/v2\/pages\/32940","targetHints":{"allow":["GET"]}}],"collection":[{"href":"https:\/\/renera.explotacionweb.es\/de-de\/wp-json\/wp\/v2\/pages"}],"about":[{"href":"https:\/\/renera.explotacionweb.es\/de-de\/wp-json\/wp\/v2\/types\/page"}],"author":[{"embeddable":true,"href":"https:\/\/renera.explotacionweb.es\/de-de\/wp-json\/wp\/v2\/users\/20"}],"replies":[{"embeddable":true,"href":"https:\/\/renera.explotacionweb.es\/de-de\/wp-json\/wp\/v2\/comments?post=32940"}],"version-history":[{"count":29,"href":"https:\/\/renera.explotacionweb.es\/de-de\/wp-json\/wp\/v2\/pages\/32940\/revisions"}],"predecessor-version":[{"id":32988,"href":"https:\/\/renera.explotacionweb.es\/de-de\/wp-json\/wp\/v2\/pages\/32940\/revisions\/32988"}],"wp:featuredmedia":[{"embeddable":true,"href":"https:\/\/renera.explotacionweb.es\/de-de\/wp-json\/wp\/v2\/media\/32976"}],"wp:attachment":[{"href":"https:\/\/renera.explotacionweb.es\/de-de\/wp-json\/wp\/v2\/media?parent=32940"}],"wp:term":[{"taxonomy":"folder","embeddable":true,"href":"https:\/\/renera.explotacionweb.es\/de-de\/wp-json\/wp\/v2\/folder?post=32940"}],"curies":[{"name":"wp","href":"https:\/\/api.w.org\/{rel}","templated":true}]}}